{"id":217,"date":"2024-09-18T18:12:53","date_gmt":"2024-09-18T16:12:53","guid":{"rendered":"https:\/\/tjade.eleves.mediamatique.ch\/e-portfolio\/?page_id=217"},"modified":"2025-02-12T10:30:07","modified_gmt":"2025-02-12T09:30:07","slug":"web-et-marketing","status":"publish","type":"page","link":"https:\/\/tjade.eleves.mediamatique.ch\/e-portfolio\/web-et-marketing\/","title":{"rendered":"Marketing"},"content":{"rendered":"\t\t<div data-elementor-type=\"wp-page\" data-elementor-id=\"217\" class=\"elementor elementor-217\" data-elementor-post-type=\"page\">\n\t\t\t\t<div class=\"elementor-element elementor-element-9a06e76 e-flex e-con-boxed e-con e-parent\" data-id=\"9a06e76\" data-element_type=\"container\" data-settings=\"{&quot;background_background&quot;:&quot;classic&quot;}\">\n\t\t\t\t\t<div class=\"e-con-inner\">\n\t\t\t\t<div class=\"elementor-element elementor-element-dc040ee elementor-widget elementor-widget-heading\" data-id=\"dc040ee\" data-element_type=\"widget\" data-widget_type=\"heading.default\">\n\t\t\t\t<div class=\"elementor-widget-container\">\n\t\t\t\t\t<h1 class=\"elementor-heading-title elementor-size-default\">MARKETING<\/h1>\t\t\t\t<\/div>\n\t\t\t\t<\/div>\n\t\t\t\t\t<\/div>\n\t\t\t\t<\/div>\n\t\t<div class=\"elementor-element elementor-element-a91b72e e-con-full e-flex e-con e-parent\" data-id=\"a91b72e\" data-element_type=\"container\">\n\t\t<div class=\"elementor-element elementor-element-4e92227 e-con-full e-flex e-con e-child\" data-id=\"4e92227\" data-element_type=\"container\">\n\t\t<div class=\"elementor-element elementor-element-9112fae e-grid e-con-full e-con e-child\" data-id=\"9112fae\" data-element_type=\"container\">\n\t\t\t\t<div class=\"elementor-element elementor-element-3cbcabc elementor-widget elementor-widget-heading\" data-id=\"3cbcabc\" data-element_type=\"widget\" id=\"podcast\" data-widget_type=\"heading.default\">\n\t\t\t\t<div class=\"elementor-widget-container\">\n\t\t\t\t\t<h1 class=\"elementor-heading-title elementor-size-default\">PODCAST<\/h1>\t\t\t\t<\/div>\n\t\t\t\t<\/div>\n\t\t\t\t<div class=\"elementor-element elementor-element-0a53eb4 elementor-widget elementor-widget-text-editor\" data-id=\"0a53eb4\" data-element_type=\"widget\" data-widget_type=\"text-editor.default\">\n\t\t\t\t<div class=\"elementor-widget-container\">\n\t\t\t\t\t\t\t\t\t<p>Les ann\u00e9es pr\u00e9c\u00e9dentes, un podcast avait \u00e9t\u00e9 cr\u00e9\u00e9 pour les \u00e9l\u00e8ves de la formation en m\u00e9diamatique. En 2024, Bryan Baechler et moi, avons repris ce projet. L&rsquo;objectif du blog est d&rsquo;informer les \u00e9l\u00e8ves sur les actualit\u00e9s de la formation et de l&rsquo;\u00e9cole.<\/p>\n<p>Pour notre premier \u00e9pisode, nous avons choisi de parler de la nouvelle m\u00e9diath\u00e8que qui ouvrira prochainement \u00e0 Sainte-Croix, un espace sp\u00e9cialement con\u00e7u pour les \u00e9l\u00e8ves du CPNV. Ce projet collaboratif a impliqu\u00e9 Bryan, Lucien Contesse et moi-m\u00eame dans la cr\u00e9ation d\u2019un jingle audio pour introduire le podcast. Bryan et moi avons ensuite chacun interview\u00e9 une intervenante, et j\u2019ai pris en charge tout le montage audio.<\/p>\t\t\t\t\t\t\t\t<\/div>\n\t\t\t\t<\/div>\n\t\t\t\t<\/div>\n\t\t<div class=\"elementor-element elementor-element-e8bfa9b e-grid e-con-full e-con e-child\" data-id=\"e8bfa9b\" data-element_type=\"container\">\n\t\t\t\t<div class=\"elementor-element elementor-element-0ef96b9 elementor-widget elementor-widget-shortcode\" data-id=\"0ef96b9\" data-element_type=\"widget\" data-widget_type=\"shortcode.default\">\n\t\t\t\t<div class=\"elementor-widget-container\">\n\t\t\t\t\t\t\t<div class=\"elementor-shortcode\"><iframe style=\"border-radius:12px\" src=\"https:\/\/open.spotify.com\/embed\/episode\/1jv2pwwHrBCkC4V8CqjyOp?utm_source=generator\" width=\"100%\" height=\"352\" frameBorder=\"0\" allowfullscreen=\"\" allow=\"autoplay; clipboard-write; encrypted-media; fullscreen; picture-in-picture\" loading=\"lazy\"><\/iframe><\/div>\n\t\t\t\t\t\t<\/div>\n\t\t\t\t<\/div>\n\t\t\t\t<\/div>\n\t\t\t\t<\/div>\n\t\t\t\t<\/div>\n\t\t<div class=\"elementor-element elementor-element-1636517 e-con-full e-flex e-con e-parent\" data-id=\"1636517\" data-element_type=\"container\">\n\t\t<div class=\"elementor-element elementor-element-90ec548 e-con-full e-flex e-con e-child\" data-id=\"90ec548\" data-element_type=\"container\">\n\t\t<div class=\"elementor-element elementor-element-700a71e e-grid e-con-full e-con e-child\" data-id=\"700a71e\" data-element_type=\"container\">\n\t\t\t\t<div class=\"elementor-element elementor-element-52c80b6 elementor-widget elementor-widget-heading\" data-id=\"52c80b6\" data-element_type=\"widget\" data-widget_type=\"heading.default\">\n\t\t\t\t<div class=\"elementor-widget-container\">\n\t\t\t\t\t<h1 class=\"elementor-heading-title elementor-size-default\">Portes ouvertes Mediamatique 2024<\/h1>\t\t\t\t<\/div>\n\t\t\t\t<\/div>\n\t\t\t\t<div class=\"elementor-element elementor-element-79847cb elementor-widget elementor-widget-text-editor\" data-id=\"79847cb\" data-element_type=\"widget\" data-widget_type=\"text-editor.default\">\n\t\t\t\t<div class=\"elementor-widget-container\">\n\t\t\t\t\t\t\t\t\t<p>En 3\u1d49 ann\u00e9e de m\u00e9diamatique au CPNV, les \u00e9l\u00e8ves ont l\u2019opportunit\u00e9 de choisir deux options. J\u2019ai opt\u00e9 pour le design et le marketing, deux domaines qui me passionnent et dans lesquels j\u2019aime m\u2019investir pleinement.<\/p>\n<p>Dans le cadre de l\u2019option marketing, j\u2019ai eu l\u2019honneur d\u2019\u00eatre nomm\u00e9e directrice des Portes Ouvertes 2024 de la M\u00e9diamatique, un \u00e9v\u00e9nement cl\u00e9 pour pr\u00e9senter notre formation et nos comp\u00e9tences. Ce r\u00f4le a \u00e9t\u00e9 une exp\u00e9rience unique et extr\u00eamement enrichissante.<\/p>\n<p>En tant que directrice, j\u2019ai g\u00e9r\u00e9 une grande partie de l\u2019organisation :<\/p>\n<ul>\n<li>Coordination g\u00e9n\u00e9rale des \u00e9quipes.<\/li>\n<li>Planification des activit\u00e9s dans la majorit\u00e9 des salles.<\/li>\n<li>Gestion des ressources et respect des d\u00e9lais.<br><\/li><li>R\u00e9unions hebdomadaires avec le COPIL compos\u00e9 des professeurs responsables.<\/li>\n<\/ul>\n<p>Ce projet m\u2019a permis de d\u00e9velopper mes comp\u00e9tences en gestion de projet, communication et leadership, tout en collaborant avec des \u00e9l\u00e8ves et enseignants pour assurer le succ\u00e8s de l\u2019\u00e9v\u00e9nement.<\/p>\t\t\t\t\t\t\t\t<\/div>\n\t\t\t\t<\/div>\n\t\t\t\t<\/div>\n\t\t\t\t<\/div>\n\t\t\t\t<\/div>\n\t\t\t\t<\/div>\n\t\t","protected":false},"excerpt":{"rendered":"<p>MARKETING PODCAST Les ann\u00e9es pr\u00e9c\u00e9dentes, un podcast avait \u00e9t\u00e9 cr\u00e9\u00e9 pour les \u00e9l\u00e8ves de la formation en m\u00e9diamatique. En 2024, Bryan Baechler et moi, avons repris ce projet. L&rsquo;objectif du blog est d&rsquo;informer les \u00e9l\u00e8ves sur les actualit\u00e9s de la formation et de l&rsquo;\u00e9cole. Pour notre premier \u00e9pisode, nous avons choisi de parler de la [&hellip;]<\/p>\n","protected":false},"author":1,"featured_media":0,"parent":0,"menu_order":0,"comment_status":"closed","ping_status":"closed","template":"","meta":{"footnotes":""},"class_list":["post-217","page","type-page","status-publish","hentry"],"yoast_head":"<!-- This site is optimized with the Yoast SEO plugin v24.6 - https:\/\/yoast.com\/wordpress\/plugins\/seo\/ -->\n<title>Marketing - E-portfolio Jade Tercier<\/title>\n<meta name=\"robots\" content=\"index, follow, max-snippet:-1, max-image-preview:large, max-video-preview:-1\" \/>\n<link rel=\"canonical\" href=\"https:\/\/tjade.eleves.mediamatique.ch\/e-portfolio\/web-et-marketing\/\" \/>\n<meta property=\"og:locale\" content=\"fr_FR\" \/>\n<meta property=\"og:type\" content=\"article\" \/>\n<meta property=\"og:title\" content=\"Marketing - E-portfolio Jade Tercier\" \/>\n<meta property=\"og:description\" content=\"MARKETING PODCAST Les ann\u00e9es pr\u00e9c\u00e9dentes, un podcast avait \u00e9t\u00e9 cr\u00e9\u00e9 pour les \u00e9l\u00e8ves de la formation en m\u00e9diamatique. En 2024, Bryan Baechler et moi, avons repris ce projet. L&rsquo;objectif du blog est d&rsquo;informer les \u00e9l\u00e8ves sur les actualit\u00e9s de la formation et de l&rsquo;\u00e9cole. Pour notre premier \u00e9pisode, nous avons choisi de parler de la [&hellip;]\" \/>\n<meta property=\"og:url\" content=\"https:\/\/tjade.eleves.mediamatique.ch\/e-portfolio\/web-et-marketing\/\" \/>\n<meta property=\"og:site_name\" content=\"E-portfolio Jade Tercier\" \/>\n<meta property=\"article:modified_time\" content=\"2025-02-12T09:30:07+00:00\" \/>\n<meta name=\"twitter:card\" content=\"summary_large_image\" \/>\n<meta name=\"twitter:label1\" content=\"Dur\u00e9e de lecture estim\u00e9e\" \/>\n\t<meta name=\"twitter:data1\" content=\"2 minutes\" \/>\n<script type=\"application\/ld+json\" class=\"yoast-schema-graph\">{\"@context\":\"https:\/\/schema.org\",\"@graph\":[{\"@type\":\"WebPage\",\"@id\":\"https:\/\/tjade.eleves.mediamatique.ch\/e-portfolio\/web-et-marketing\/\",\"url\":\"https:\/\/tjade.eleves.mediamatique.ch\/e-portfolio\/web-et-marketing\/\",\"name\":\"Marketing - E-portfolio Jade Tercier\",\"isPartOf\":{\"@id\":\"https:\/\/tjade.eleves.mediamatique.ch\/e-portfolio\/#website\"},\"datePublished\":\"2024-09-18T16:12:53+00:00\",\"dateModified\":\"2025-02-12T09:30:07+00:00\",\"breadcrumb\":{\"@id\":\"https:\/\/tjade.eleves.mediamatique.ch\/e-portfolio\/web-et-marketing\/#breadcrumb\"},\"inLanguage\":\"fr-FR\",\"potentialAction\":[{\"@type\":\"ReadAction\",\"target\":[\"https:\/\/tjade.eleves.mediamatique.ch\/e-portfolio\/web-et-marketing\/\"]}]},{\"@type\":\"BreadcrumbList\",\"@id\":\"https:\/\/tjade.eleves.mediamatique.ch\/e-portfolio\/web-et-marketing\/#breadcrumb\",\"itemListElement\":[{\"@type\":\"ListItem\",\"position\":1,\"name\":\"Accueil\",\"item\":\"https:\/\/tjade.eleves.mediamatique.ch\/e-portfolio\/\"},{\"@type\":\"ListItem\",\"position\":2,\"name\":\"Marketing\"}]},{\"@type\":\"WebSite\",\"@id\":\"https:\/\/tjade.eleves.mediamatique.ch\/e-portfolio\/#website\",\"url\":\"https:\/\/tjade.eleves.mediamatique.ch\/e-portfolio\/\",\"name\":\"E-portfolio Jade Tercier\",\"description\":\"\",\"publisher\":{\"@id\":\"https:\/\/tjade.eleves.mediamatique.ch\/e-portfolio\/#\/schema\/person\/cb00e13e1b44ead8ea4c2c233289d44e\"},\"potentialAction\":[{\"@type\":\"SearchAction\",\"target\":{\"@type\":\"EntryPoint\",\"urlTemplate\":\"https:\/\/tjade.eleves.mediamatique.ch\/e-portfolio\/?s={search_term_string}\"},\"query-input\":{\"@type\":\"PropertyValueSpecification\",\"valueRequired\":true,\"valueName\":\"search_term_string\"}}],\"inLanguage\":\"fr-FR\"},{\"@type\":[\"Person\",\"Organization\"],\"@id\":\"https:\/\/tjade.eleves.mediamatique.ch\/e-portfolio\/#\/schema\/person\/cb00e13e1b44ead8ea4c2c233289d44e\",\"name\":\"JadeAdmin\",\"image\":{\"@type\":\"ImageObject\",\"inLanguage\":\"fr-FR\",\"@id\":\"https:\/\/tjade.eleves.mediamatique.ch\/e-portfolio\/#\/schema\/person\/image\/\",\"url\":\"https:\/\/tjade.eleves.mediamatique.ch\/e-portfolio\/wp-content\/uploads\/2024\/10\/LogoSImple.png\",\"contentUrl\":\"https:\/\/tjade.eleves.mediamatique.ch\/e-portfolio\/wp-content\/uploads\/2024\/10\/LogoSImple.png\",\"width\":2488,\"height\":979,\"caption\":\"JadeAdmin\"},\"logo\":{\"@id\":\"https:\/\/tjade.eleves.mediamatique.ch\/e-portfolio\/#\/schema\/person\/image\/\"},\"sameAs\":[\"https:\/\/tjade.eleves.mediamatique.ch\/e-portfolio\"]}]}<\/script>\n<!-- \/ Yoast SEO plugin. -->","yoast_head_json":{"title":"Marketing - E-portfolio Jade Tercier","robots":{"index":"index","follow":"follow","max-snippet":"max-snippet:-1","max-image-preview":"max-image-preview:large","max-video-preview":"max-video-preview:-1"},"canonical":"https:\/\/tjade.eleves.mediamatique.ch\/e-portfolio\/web-et-marketing\/","og_locale":"fr_FR","og_type":"article","og_title":"Marketing - E-portfolio Jade Tercier","og_description":"MARKETING PODCAST Les ann\u00e9es pr\u00e9c\u00e9dentes, un podcast avait \u00e9t\u00e9 cr\u00e9\u00e9 pour les \u00e9l\u00e8ves de la formation en m\u00e9diamatique. En 2024, Bryan Baechler et moi, avons repris ce projet. L&rsquo;objectif du blog est d&rsquo;informer les \u00e9l\u00e8ves sur les actualit\u00e9s de la formation et de l&rsquo;\u00e9cole. Pour notre premier \u00e9pisode, nous avons choisi de parler de la [&hellip;]","og_url":"https:\/\/tjade.eleves.mediamatique.ch\/e-portfolio\/web-et-marketing\/","og_site_name":"E-portfolio Jade Tercier","article_modified_time":"2025-02-12T09:30:07+00:00","twitter_card":"summary_large_image","twitter_misc":{"Dur\u00e9e de lecture estim\u00e9e":"2 minutes"},"schema":{"@context":"https:\/\/schema.org","@graph":[{"@type":"WebPage","@id":"https:\/\/tjade.eleves.mediamatique.ch\/e-portfolio\/web-et-marketing\/","url":"https:\/\/tjade.eleves.mediamatique.ch\/e-portfolio\/web-et-marketing\/","name":"Marketing - E-portfolio Jade Tercier","isPartOf":{"@id":"https:\/\/tjade.eleves.mediamatique.ch\/e-portfolio\/#website"},"datePublished":"2024-09-18T16:12:53+00:00","dateModified":"2025-02-12T09:30:07+00:00","breadcrumb":{"@id":"https:\/\/tjade.eleves.mediamatique.ch\/e-portfolio\/web-et-marketing\/#breadcrumb"},"inLanguage":"fr-FR","potentialAction":[{"@type":"ReadAction","target":["https:\/\/tjade.eleves.mediamatique.ch\/e-portfolio\/web-et-marketing\/"]}]},{"@type":"BreadcrumbList","@id":"https:\/\/tjade.eleves.mediamatique.ch\/e-portfolio\/web-et-marketing\/#breadcrumb","itemListElement":[{"@type":"ListItem","position":1,"name":"Accueil","item":"https:\/\/tjade.eleves.mediamatique.ch\/e-portfolio\/"},{"@type":"ListItem","position":2,"name":"Marketing"}]},{"@type":"WebSite","@id":"https:\/\/tjade.eleves.mediamatique.ch\/e-portfolio\/#website","url":"https:\/\/tjade.eleves.mediamatique.ch\/e-portfolio\/","name":"E-portfolio Jade Tercier","description":"","publisher":{"@id":"https:\/\/tjade.eleves.mediamatique.ch\/e-portfolio\/#\/schema\/person\/cb00e13e1b44ead8ea4c2c233289d44e"},"potentialAction":[{"@type":"SearchAction","target":{"@type":"EntryPoint","urlTemplate":"https:\/\/tjade.eleves.mediamatique.ch\/e-portfolio\/?s={search_term_string}"},"query-input":{"@type":"PropertyValueSpecification","valueRequired":true,"valueName":"search_term_string"}}],"inLanguage":"fr-FR"},{"@type":["Person","Organization"],"@id":"https:\/\/tjade.eleves.mediamatique.ch\/e-portfolio\/#\/schema\/person\/cb00e13e1b44ead8ea4c2c233289d44e","name":"JadeAdmin","image":{"@type":"ImageObject","inLanguage":"fr-FR","@id":"https:\/\/tjade.eleves.mediamatique.ch\/e-portfolio\/#\/schema\/person\/image\/","url":"https:\/\/tjade.eleves.mediamatique.ch\/e-portfolio\/wp-content\/uploads\/2024\/10\/LogoSImple.png","contentUrl":"https:\/\/tjade.eleves.mediamatique.ch\/e-portfolio\/wp-content\/uploads\/2024\/10\/LogoSImple.png","width":2488,"height":979,"caption":"JadeAdmin"},"logo":{"@id":"https:\/\/tjade.eleves.mediamatique.ch\/e-portfolio\/#\/schema\/person\/image\/"},"sameAs":["https:\/\/tjade.eleves.mediamatique.ch\/e-portfolio"]}]}},"_links":{"self":[{"href":"https:\/\/tjade.eleves.mediamatique.ch\/e-portfolio\/wp-json\/wp\/v2\/pages\/217"}],"collection":[{"href":"https:\/\/tjade.eleves.mediamatique.ch\/e-portfolio\/wp-json\/wp\/v2\/pages"}],"about":[{"href":"https:\/\/tjade.eleves.mediamatique.ch\/e-portfolio\/wp-json\/wp\/v2\/types\/page"}],"author":[{"embeddable":true,"href":"https:\/\/tjade.eleves.mediamatique.ch\/e-portfolio\/wp-json\/wp\/v2\/users\/1"}],"replies":[{"embeddable":true,"href":"https:\/\/tjade.eleves.mediamatique.ch\/e-portfolio\/wp-json\/wp\/v2\/comments?post=217"}],"version-history":[{"count":84,"href":"https:\/\/tjade.eleves.mediamatique.ch\/e-portfolio\/wp-json\/wp\/v2\/pages\/217\/revisions"}],"predecessor-version":[{"id":1191,"href":"https:\/\/tjade.eleves.mediamatique.ch\/e-portfolio\/wp-json\/wp\/v2\/pages\/217\/revisions\/1191"}],"wp:attachment":[{"href":"https:\/\/tjade.eleves.mediamatique.ch\/e-portfolio\/wp-json\/wp\/v2\/media?parent=217"}],"curies":[{"name":"wp","href":"https:\/\/api.w.org\/{rel}","templated":true}]}}